{"id":278,"date":"2025-07-08T13:44:24","date_gmt":"2025-07-08T13:44:24","guid":{"rendered":"https:\/\/savipinnoittaja.fi\/?page_id=278"},"modified":"2025-07-08T15:35:54","modified_gmt":"2025-07-08T15:35:54","slug":"savi-rakentamisessa","status":"publish","type":"page","link":"https:\/\/savipinnoittaja.fi\/index.php\/savi-rakentamisessa\/","title":{"rendered":"Savi rakentamisessa"},"content":{"rendered":"\n<div class=\"wp-block-group alignwide is-nowrap is-layout-flex wp-container-core-group-is-layout-ad2f72ca wp-block-group-is-layout-flex\">\n<div style=\"height:100px;width:0px\" aria-hidden=\"true\" class=\"wp-block-spacer wp-container-content-9760934e\"><\/div>\n\n\n\n<figure class=\"wp-block-image size-large is-style-rounded\"><img loading=\"lazy\" decoding=\"async\" width=\"1024\" height=\"1024\" src=\"https:\/\/savipinnoittaja.fi\/wp-content\/uploads\/2025\/07\/polkky-2-1024x1024.jpg\" alt=\"\" class=\"wp-image-297\" srcset=\"https:\/\/savipinnoittaja.fi\/wp-content\/uploads\/2025\/07\/polkky-2-1024x1024.jpg 1024w, https:\/\/savipinnoittaja.fi\/wp-content\/uploads\/2025\/07\/polkky-2-300x300.jpg 300w, https:\/\/savipinnoittaja.fi\/wp-content\/uploads\/2025\/07\/polkky-2-150x150.jpg 150w, https:\/\/savipinnoittaja.fi\/wp-content\/uploads\/2025\/07\/polkky-2-768x768.jpg 768w, https:\/\/savipinnoittaja.fi\/wp-content\/uploads\/2025\/07\/polkky-2.jpg 1366w\" sizes=\"auto, (max-width: 1024px) 100vw, 1024px\" \/><\/figure>\n\n\n\n<div class=\"wp-block-group is-nowrap is-layout-flex wp-container-core-group-is-layout-ad2f72ca wp-block-group-is-layout-flex\">\n<div class=\"wp-block-columns is-layout-flex wp-container-core-columns-is-layout-9d6595d7 wp-block-columns-is-layout-flex\">\n<div class=\"wp-block-column is-layout-flow wp-block-column-is-layout-flow\" style=\"flex-basis:100%\">\n<div class=\"wp-block-group has-large-font-size is-vertical is-layout-flex wp-container-core-group-is-layout-8cf370e7 wp-block-group-is-layout-flex\">\n<div class=\"wp-block-group is-nowrap is-layout-flex wp-container-core-group-is-layout-ad2f72ca wp-block-group-is-layout-flex\">\n<div style=\"height:100px;width:0px\" aria-hidden=\"true\" class=\"wp-block-spacer wp-container-content-6388d5dc\"><\/div>\n\n\n\n<p class=\"has-large-font-size\" id=\"block-5a9648b0-6955-4d82-b2c0-dd6cc633bfd7\">Ymp\u00e4rist\u00f6yst\u00e4v\u00e4llisyys ja hyv\u00e4 sis\u00e4ilma ovat t\u00e4rkeit\u00e4 arvoja rakentamisessa. Savi on luonnonmateriaali, joka tarjoaa kest\u00e4v\u00e4n ja terveellisen vaihtoehdon erityisesti sis\u00e4tilojen pintamateriaalina. T\u00e4ss\u00e4 lyhyt esittely savirakentamisen eduista ja menetelmist\u00e4,  ekologisemman rakentamisen tueksi. <\/p>\n<\/div>\n<\/div>\n<\/div>\n<\/div>\n<\/div>\n<\/div>\n\n\n\n<p class=\"has-medium-font-size\">Ymp\u00e4rist\u00f6yst\u00e4v\u00e4lliset materiaalit ja sis\u00e4ilman laatu ovat t\u00e4rkeit\u00e4 terveystekij\u00f6it\u00e4 ja arvovalintoja. Suomen kasvihuonekaasup\u00e4\u00e4st\u00f6ist\u00e4 noin kolmannes on rakentamisen ja rakennusten aiheuttamaa. Ymp\u00e4rist\u00f6ministeri\u00f6n asettamien tavoitteiden mukaan p\u00e4\u00e4st\u00f6jen tulisi jatkossa v\u00e4hent\u00e4\u00e4 rakennusmateriaalien valmistuksessa, rakentamisessa sek\u00e4 rakennusj\u00e4tteen ehk\u00e4isyn synnyss\u00e4 ja kierr\u00e4tyksess\u00e4.&nbsp;&nbsp;<\/p>\n\n\n\n<p><\/p>\n\n\n\n<p class=\"has-medium-font-size\" id=\"block-25cfa092-a5f8-4aeb-8df1-1d7997882ca9\">Tutkimuksissa on havaittu, ett\u00e4 savi voi parantaa sis\u00e4ilman laatua. Savipintaisissa seiniss\u00e4 on jopa 98\u201399 % v\u00e4hemm\u00e4n hiukkasp\u00e4\u00e4st\u00f6j\u00e4 kuin betoniharkko- tai lasivillaeristeisiss\u00e4 puurunkoisissa seiniss\u00e4. Savi tasapainottaa huoneilman kosteutta ja lis\u00e4\u00e4 asumismukavuutta ja -terveytt\u00e4. Savirappaus mm. lis\u00e4\u00e4 paloturvallisuutta, parantaa \u00e4\u00e4nieristyst\u00e4 ja voi v\u00e4hent\u00e4\u00e4 kosteuden aiheuttamien mikrobien synty\u00e4. Suomessa savirakentamisella on vuosisatojen mittainen perinne, mutta sill\u00e4 on laajat mahdollisuudet my\u00f6s modernissa rakentamisessa.<\/p>\n\n\n\n<p class=\"has-medium-font-size\" id=\"block-3792e58c-3bfe-4620-9cce-e90c24b577fa\"><\/p>\n\n\n\n<p class=\"has-medium-font-size\" id=\"block-3412796b-0c9d-4252-8ac6-ffe8919db1f2\">Suomessa on paljon \u201clihavaa\u201d eli savespitoista savea ja savivarannot ovat jopa suuremmat kuin hiekkavarannot. Puhdas savi ei sis\u00e4ll\u00e4 haitallisia teollisia kemikaaleja tai lis\u00e4aineita ja se on palautettavissa takaisin luontoon. Savea voidaan k\u00e4ytt\u00e4\u00e4 betonin korvaajana sis\u00e4pinnoissa ja sein\u00e4rakenteissa \u2013 t\u00e4m\u00e4 on huomattavasti ymp\u00e4rist\u00f6yst\u00e4v\u00e4llisemp\u00e4\u00e4. Betonituotteissa k\u00e4ytetyn sementin valmistus onkin merkitt\u00e4v\u00e4 rakentamisen hiilijalanj\u00e4ljen aiheuttaja. N\u00e4ist\u00e4kin on toki jo hieman v\u00e4h\u00e4hiilisempi\u00e4 vaihtoehtoja olemassa. Rakennusmateriaaleissa tuotekehityst\u00e4 tehd\u00e4\u00e4n ymp\u00e4rist\u00f6yst\u00e4v\u00e4llisemp\u00e4\u00e4n suuntaan.<\/p>\n\n\n\n<p class=\"has-medium-font-size\" id=\"block-299732ab-ae56-475e-852a-7f2da535529a\"><\/p>\n\n\n\n<p class=\"has-medium-font-size\" id=\"block-d1160e6e-6be0-422f-9bf4-49a247765cb4\">Savirakentamista on ollut Suomessa ainakin 1700-luvulta saakka. Massiivisavesta (tiukkaan juntatusta maa-aineksesta) on rakennettu muun muassa kartanoita ja el\u00e4insuojia. Vuonna 1878 Maamies-lehdess\u00e4 julkaistiin tarkat ohjeet massiivisavirakennusten toteuttamiseen. 1950-luvulla ja sen j\u00e4lkeen seini\u00e4 muurattiin savilaastilla k\u00e4ytt\u00e4en lankunp\u00e4tki\u00e4 tai halkoja. N\u00e4it\u00e4 vanhoja rakennuksia on yh\u00e4 k\u00e4yt\u00f6ss\u00e4. Edell\u00e4 mainitut rakennustekniikat eiv\u00e4t kuitenkaan t\u00e4yt\u00e4 nykyisi\u00e4 asuinrakennusten l\u00e4mm\u00f6neristysvaatimus Suomessa. Uudempia tulokkaita ovat kevytsavirakenteet, joissa sein\u00e4n eristemateriaali on valmistettu savesta ja kuituaineksesta kuten oljesta tai hamppukuidusta.<\/p>\n\n\n\n<p class=\"has-medium-font-size\" id=\"block-786d78b1-217f-4891-aecd-0d0eadca4e1f\"><\/p>\n\n\n\n<p class=\"has-medium-font-size\" id=\"block-e7ccb4d8-b49c-435c-af8d-d0b54cc34728\">Savea on k\u00e4ytetty sein\u00e4rappauksiin ja lattioihin. Perinnerakentamisessa savirappaukset ovat voineet olla n\u00e4kyvill\u00e4 tai rappausta on k\u00e4ytetty esimerkiksi hirsiseinien suoristamiseen ennen pintamateriaalin asentamista. T\u00e4n\u00e4 p\u00e4iv\u00e4n\u00e4 sek\u00e4 harrastajat, ammattirakentajat ett\u00e4 arkkitehdit tarvitsevat uusia vaihtoehtoja ekologiseen uudis- ja korjausrakentamiseen. Suomessa on viel\u00e4 verrattain niukasti saveen liittyvi\u00e4 rakennustuotteita mm. Keski-Eurooppaan verrattuna. Savirappaukset, savimaalit ja savilattiat ovat helppo tapa l\u00e4hesty\u00e4 ymp\u00e4rist\u00f6yst\u00e4v\u00e4llist\u00e4 rakentamista.<\/p>\n\n\n\n<p class=\"has-medium-font-size\" id=\"block-0393a5b4-6cb9-4968-977a-b49520cdb5a5\"><\/p>\n\n\n\n<p id=\"block-dd2739c6-9cd2-4989-adff-7e0b4b939c39\"><\/p>\n\n\n\n<div style=\"height:30px\" aria-hidden=\"true\" class=\"wp-block-spacer\"><\/div>\n\n\n\n<hr class=\"wp-block-separator has-alpha-channel-opacity is-style-wide\"\/>\n\n\n\n<div class=\"wp-block-group is-layout-grid wp-container-core-group-is-layout-9649a0d9 wp-block-group-is-layout-grid\">\n<div class=\"wp-block-group\"><div class=\"wp-block-group__inner-container is-layout-constrained wp-block-group-is-layout-constrained\">\n<p class=\"has-text-color has-link-color wp-elements-62b379f1cbf008c60a4da52e610ad966\" style=\"color:#112826\">savipinnoittaja(a)gmail.com<\/p>\n\n\n\n<p class=\"has-text-color has-link-color wp-elements-7d8a8eca08826fa9102d38d78a40e323\" style=\"color:#112826\">040 7595 442 \/ Hannele<\/p>\n\n\n\n<p class=\"has-text-color has-link-color wp-elements-463609550390e94f15ee51bf23cbaa3f\" style=\"color:#112826\">Pihtipudas <\/p>\n\n\n\n<p>y-tunnus: 2469809-5<\/p>\n<\/div><\/div>\n\n\n\n<div class=\"wp-block-group has-contrast-color has-text-color is-vertical is-content-justification-center is-layout-flex wp-container-core-group-is-layout-e33b1aca wp-block-group-is-layout-flex\" style=\"min-height:40vh;margin-top:0;margin-bottom:0;padding-top:var(--wp--preset--spacing--60);padding-right:var(--wp--preset--spacing--50);padding-bottom:var(--wp--preset--spacing--60);padding-left:var(--wp--preset--spacing--50)\">\n<ul class=\"wp-block-social-links has-normal-icon-size is-style-logos-only is-nowrap is-layout-flex wp-container-core-social-links-is-layout-53bee8aa wp-block-social-links-is-layout-flex\"><li class=\"wp-social-link wp-social-link-facebook  wp-block-social-link\"><a href=\"https:\/\/www.facebook.com\/savipinnoittaja\" class=\"wp-block-social-link-anchor\"><svg width=\"24\" height=\"24\" viewBox=\"0 0 24 24\" version=\"1.1\" xmlns=\"http:\/\/www.w3.org\/2000\/svg\" aria-hidden=\"true\" focusable=\"false\"><path d=\"M12 2C6.5 2 2 6.5 2 12c0 5 3.7 9.1 8.4 9.9v-7H7.9V12h2.5V9.8c0-2.5 1.5-3.9 3.8-3.9 1.1 0 2.2.2 2.2.2v2.5h-1.3c-1.2 0-1.6.8-1.6 1.6V12h2.8l-.4 2.9h-2.3v7C18.3 21.1 22 17 22 12c0-5.5-4.5-10-10-10z\"><\/path><\/svg><span class=\"wp-block-social-link-label screen-reader-text\">Facebook<\/span><\/a><\/li>\n\n<li class=\"wp-social-link wp-social-link-instagram  wp-block-social-link\"><a href=\"https:\/\/www.instagram.com\/savipinnoittaja\" class=\"wp-block-social-link-anchor\"><svg width=\"24\" height=\"24\" viewBox=\"0 0 24 24\" version=\"1.1\" xmlns=\"http:\/\/www.w3.org\/2000\/svg\" aria-hidden=\"true\" focusable=\"false\"><path d=\"M12,4.622c2.403,0,2.688,0.009,3.637,0.052c0.877,0.04,1.354,0.187,1.671,0.31c0.42,0.163,0.72,0.358,1.035,0.673 c0.315,0.315,0.51,0.615,0.673,1.035c0.123,0.317,0.27,0.794,0.31,1.671c0.043,0.949,0.052,1.234,0.052,3.637 s-0.009,2.688-0.052,3.637c-0.04,0.877-0.187,1.354-0.31,1.671c-0.163,0.42-0.358,0.72-0.673,1.035 c-0.315,0.315-0.615,0.51-1.035,0.673c-0.317,0.123-0.794,0.27-1.671,0.31c-0.949,0.043-1.233,0.052-3.637,0.052 s-2.688-0.009-3.637-0.052c-0.877-0.04-1.354-0.187-1.671-0.31c-0.42-0.163-0.72-0.358-1.035-0.673 c-0.315-0.315-0.51-0.615-0.673-1.035c-0.123-0.317-0.27-0.794-0.31-1.671C4.631,14.688,4.622,14.403,4.622,12 s0.009-2.688,0.052-3.637c0.04-0.877,0.187-1.354,0.31-1.671c0.163-0.42,0.358-0.72,0.673-1.035 c0.315-0.315,0.615-0.51,1.035-0.673c0.317-0.123,0.794-0.27,1.671-0.31C9.312,4.631,9.597,4.622,12,4.622 M12,3 C9.556,3,9.249,3.01,8.289,3.054C7.331,3.098,6.677,3.25,6.105,3.472C5.513,3.702,5.011,4.01,4.511,4.511 c-0.5,0.5-0.808,1.002-1.038,1.594C3.25,6.677,3.098,7.331,3.054,8.289C3.01,9.249,3,9.556,3,12c0,2.444,0.01,2.751,0.054,3.711 c0.044,0.958,0.196,1.612,0.418,2.185c0.23,0.592,0.538,1.094,1.038,1.594c0.5,0.5,1.002,0.808,1.594,1.038 c0.572,0.222,1.227,0.375,2.185,0.418C9.249,20.99,9.556,21,12,21s2.751-0.01,3.711-0.054c0.958-0.044,1.612-0.196,2.185-0.418 c0.592-0.23,1.094-0.538,1.594-1.038c0.5-0.5,0.808-1.002,1.038-1.594c0.222-0.572,0.375-1.227,0.418-2.185 C20.99,14.751,21,14.444,21,12s-0.01-2.751-0.054-3.711c-0.044-0.958-0.196-1.612-0.418-2.185c-0.23-0.592-0.538-1.094-1.038-1.594 c-0.5-0.5-1.002-0.808-1.594-1.038c-0.572-0.222-1.227-0.375-2.185-0.418C14.751,3.01,14.444,3,12,3L12,3z M12,7.378 c-2.552,0-4.622,2.069-4.622,4.622S9.448,16.622,12,16.622s4.622-2.069,4.622-4.622S14.552,7.378,12,7.378z M12,15 c-1.657,0-3-1.343-3-3s1.343-3,3-3s3,1.343,3,3S13.657,15,12,15z M16.804,6.116c-0.596,0-1.08,0.484-1.08,1.08 s0.484,1.08,1.08,1.08c0.596,0,1.08-0.484,1.08-1.08S17.401,6.116,16.804,6.116z\"><\/path><\/svg><span class=\"wp-block-social-link-label screen-reader-text\">Instagram<\/span><\/a><\/li><\/ul>\n<\/div>\n\n\n\n<p><\/p>\n<\/div>\n","protected":false},"excerpt":{"rendered":"<p>Ymp\u00e4rist\u00f6yst\u00e4v\u00e4llisyys ja hyv\u00e4 sis\u00e4ilma ovat t\u00e4rkeit\u00e4 arvoja rakentamisessa. Savi on luonnonmateriaali, joka tarjoaa kest\u00e4v\u00e4n ja terveellisen vaihtoehdon erityisesti sis\u00e4tilojen pintamateriaalina. T\u00e4ss\u00e4 lyhyt esittely savirakentamisen eduista ja menetelmist\u00e4, ekologisemman rakentamisen tueksi. Ymp\u00e4rist\u00f6yst\u00e4v\u00e4lliset materiaalit ja sis\u00e4ilman laatu ovat t\u00e4rkeit\u00e4 terveystekij\u00f6it\u00e4 ja arvovalintoja. Suomen kasvihuonekaasup\u00e4\u00e4st\u00f6ist\u00e4 noin kolmannes on rakentamisen ja rakennusten aiheuttamaa. Ymp\u00e4rist\u00f6ministeri\u00f6n asettamien tavoitteiden mukaan p\u00e4\u00e4st\u00f6jen tulisi [&hellip;]<\/p>\n","protected":false},"author":1,"featured_media":0,"parent":0,"menu_order":0,"comment_status":"closed","ping_status":"closed","template":"","meta":{"hide_page_title":"disabled","footnotes":""},"class_list":["post-278","page","type-page","status-publish","hentry"],"_links":{"self":[{"href":"https:\/\/savipinnoittaja.fi\/index.php\/wp-json\/wp\/v2\/pages\/278","targetHints":{"allow":["GET"]}}],"collection":[{"href":"https:\/\/savipinnoittaja.fi\/index.php\/wp-json\/wp\/v2\/pages"}],"about":[{"href":"https:\/\/savipinnoittaja.fi\/index.php\/wp-json\/wp\/v2\/types\/page"}],"author":[{"embeddable":true,"href":"https:\/\/savipinnoittaja.fi\/index.php\/wp-json\/wp\/v2\/users\/1"}],"replies":[{"embeddable":true,"href":"https:\/\/savipinnoittaja.fi\/index.php\/wp-json\/wp\/v2\/comments?post=278"}],"version-history":[{"count":51,"href":"https:\/\/savipinnoittaja.fi\/index.php\/wp-json\/wp\/v2\/pages\/278\/revisions"}],"predecessor-version":[{"id":352,"href":"https:\/\/savipinnoittaja.fi\/index.php\/wp-json\/wp\/v2\/pages\/278\/revisions\/352"}],"wp:attachment":[{"href":"https:\/\/savipinnoittaja.fi\/index.php\/wp-json\/wp\/v2\/media?parent=278"}],"curies":[{"name":"wp","href":"https:\/\/api.w.org\/{rel}","templated":true}]}}