{"id":2,"date":"2025-03-19T18:17:29","date_gmt":"2025-03-19T18:17:29","guid":{"rendered":"https:\/\/savipinnoittaja.fi\/?page_id=2"},"modified":"2026-01-18T15:13:21","modified_gmt":"2026-01-18T15:13:21","slug":"ympariston-ystava-kayttajan-kaveri","status":"publish","type":"page","link":"https:\/\/savipinnoittaja.fi\/","title":{"rendered":"Ymp\u00e4rist\u00f6n yst\u00e4v\u00e4 &amp; k\u00e4ytt\u00e4j\u00e4n\u00a0kaveri"},"content":{"rendered":"\n<div class=\"wp-block-cover alignfull\"><img loading=\"lazy\" decoding=\"async\" width=\"1000\" height=\"275\" class=\"wp-block-cover__image-background wp-image-13\" alt=\"T\u00e4m\u00e4n kuvan alt-attribuutti on tyhj\u00e4; Tiedoston nimi on etusivun-kuva2.webp\" src=\"https:\/\/savipinnoittaja.fi\/wp-content\/uploads\/2025\/03\/image.webp\" data-object-fit=\"cover\" srcset=\"https:\/\/savipinnoittaja.fi\/wp-content\/uploads\/2025\/03\/image.webp 1000w, https:\/\/savipinnoittaja.fi\/wp-content\/uploads\/2025\/03\/image-300x83.webp 300w, https:\/\/savipinnoittaja.fi\/wp-content\/uploads\/2025\/03\/image-768x211.webp 768w\" sizes=\"auto, (max-width: 1000px) 100vw, 1000px\" \/><span aria-hidden=\"true\" class=\"wp-block-cover__background has-background-dim\"><\/span><div class=\"wp-block-cover__inner-container is-layout-flow wp-block-cover-is-layout-flow\">\n<p class=\"has-text-align-center has-medium-font-size\"><strong>LUONNOLLISET<\/strong> RAKENNUSMATERIAALIT<\/p>\n\n\n\n<p class=\"has-text-align-center has-medium-font-size\">savirappaukset &#8211; savilattiat &#8211; savimaalit<\/p>\n<\/div><\/div>\n\n\n\n<p class=\"has-text-color has-link-color has-medium-font-size wp-elements-42ca8963476363367f9172c2f47fd82a\" style=\"color:#112826\"><strong>Savirappaukset ja savilattiat toteutetaan aidosti ymp\u00e4rist\u00f6yst\u00e4v\u00e4llisist\u00e4 luonnonmateriaaleista. <\/strong>Saat ekologiset, hengitt\u00e4v\u00e4t, paloturvalliset ja sis\u00e4ilman kosteutta tasaavat sis\u00e4pinnat. Sis\u00e4seiniin sopivat hyvin my\u00f6s savimaalit. K\u00e4sity\u00f6n\u00e4 tehdyt pinnat tuovat tilaan ainutlaatuisen ilmeen ja ajattoman kauniit lopputuloksen.<\/p>\n\n\n\n<p class=\"has-text-color has-link-color has-medium-font-size wp-elements-30aca7cbea49bc0b95b503f4dcc9b848\" style=\"color:#112826\"><\/p>\n\n\n\n<p class=\"has-text-color has-link-color has-medium-font-size wp-elements-6172a3eab9693a9e2f947b690a82542a\" style=\"color:#112826\"><strong>SaviPinnoittajalta saat tekij\u00e4n ja valmiin toteutuksen. Vaihtoehtoisesti voit my\u00f6s tilata omiin tarpeisiisi soveltuvan koulutuksen,<\/strong> jolloin saat valmiuksia tehd\u00e4 itse. Pintoihin k\u00e4ytett\u00e4v\u00e4t rappausmassat ja maalit voidaan valmistaa itse tai k\u00e4ytt\u00e4\u00e4 valmiita tuotteita.<\/p>\n\n\n\n<p><\/p>\n\n\n\n<p class=\"has-text-color has-link-color has-medium-font-size wp-elements-58e97a3567eeed51472df2ee62579dd1\" style=\"color:#112826\">Valitse luonnollinen vaihtoehto kotiisi tai toimitiloihisi. Ota yhteytt\u00e4 ja suunnitellaan yhdess\u00e4 sinun tarpeisiisi sopiva ratkaisu!<\/p>\n\n\n\n<p class=\"has-text-color has-link-color has-medium-font-size wp-elements-30aca7cbea49bc0b95b503f4dcc9b848\" style=\"color:#112826\"><\/p>\n\n\n\n<p class=\"has-text-color has-link-color has-medium-font-size wp-elements-c609d4a0478f3527b7b6c744a1fd96dd\" style=\"color:#112826\"><strong>Kysy my\u00f6s tapetoinnit, maalaukset, laatoitukset ja lattioiden asennukset<\/strong> (mm. laminaatit ja vinyylit).<\/p>\n\n\n\n<div style=\"height:31px\" aria-hidden=\"true\" class=\"wp-block-spacer\"><\/div>\n\n\n\n<div class=\"wp-block-buttons is-content-justification-center is-layout-flex wp-container-core-buttons-is-layout-16018d1d wp-block-buttons-is-layout-flex\">\n<div class=\"wp-block-button is-style-fill\"><a class=\"wp-block-button__link has-white-color has-text-color has-background has-link-color wp-element-button\" href=\"https:\/\/savipinnoittaja.fi\/index.php\/otayhteytta\/\" style=\"border-radius:17px;background-color:#102626\">OTA YHTEYTT\u00c4 &amp; KYSY LIS\u00c4\u00c4<\/a><\/div>\n<\/div>\n\n\n\n<div style=\"height:34px\" aria-hidden=\"true\" class=\"wp-block-spacer\"><\/div>\n\n\n\n<p id=\"block-dd2739c6-9cd2-4989-adff-7e0b4b939c39\"><\/p>\n\n\n\n<div style=\"height:30px\" aria-hidden=\"true\" class=\"wp-block-spacer\"><\/div>\n\n\n\n<hr class=\"wp-block-separator has-alpha-channel-opacity is-style-wide\"\/>\n\n\n\n<div class=\"wp-block-group is-layout-grid wp-container-core-group-is-layout-9649a0d9 wp-block-group-is-layout-grid\">\n<div class=\"wp-block-group\"><div class=\"wp-block-group__inner-container is-layout-constrained wp-block-group-is-layout-constrained\">\n<p class=\"has-text-color has-link-color wp-elements-62b379f1cbf008c60a4da52e610ad966\" style=\"color:#112826\">savipinnoittaja(a)gmail.com<\/p>\n\n\n\n<p class=\"has-text-color has-link-color wp-elements-7d8a8eca08826fa9102d38d78a40e323\" style=\"color:#112826\">040 7595 442 \/ Hannele<\/p>\n\n\n\n<p class=\"has-text-color has-link-color wp-elements-463609550390e94f15ee51bf23cbaa3f\" style=\"color:#112826\">Pihtipudas <\/p>\n\n\n\n<p>y-tunnus: 2469809-5<\/p>\n<\/div><\/div>\n\n\n\n<div class=\"wp-block-group has-contrast-color has-text-color is-vertical is-content-justification-center is-layout-flex wp-container-core-group-is-layout-e33b1aca wp-block-group-is-layout-flex\" style=\"min-height:40vh;margin-top:0;margin-bottom:0;padding-top:var(--wp--preset--spacing--60);padding-right:var(--wp--preset--spacing--50);padding-bottom:var(--wp--preset--spacing--60);padding-left:var(--wp--preset--spacing--50)\">\n<ul class=\"wp-block-social-links has-normal-icon-size is-style-logos-only is-nowrap is-layout-flex wp-container-core-social-links-is-layout-53bee8aa wp-block-social-links-is-layout-flex\"><li class=\"wp-social-link wp-social-link-facebook  wp-block-social-link\"><a href=\"https:\/\/www.facebook.com\/savipinnoittaja\" class=\"wp-block-social-link-anchor\"><svg width=\"24\" height=\"24\" viewBox=\"0 0 24 24\" version=\"1.1\" xmlns=\"http:\/\/www.w3.org\/2000\/svg\" aria-hidden=\"true\" focusable=\"false\"><path d=\"M12 2C6.5 2 2 6.5 2 12c0 5 3.7 9.1 8.4 9.9v-7H7.9V12h2.5V9.8c0-2.5 1.5-3.9 3.8-3.9 1.1 0 2.2.2 2.2.2v2.5h-1.3c-1.2 0-1.6.8-1.6 1.6V12h2.8l-.4 2.9h-2.3v7C18.3 21.1 22 17 22 12c0-5.5-4.5-10-10-10z\"><\/path><\/svg><span class=\"wp-block-social-link-label screen-reader-text\">Facebook<\/span><\/a><\/li>\n\n<li class=\"wp-social-link wp-social-link-instagram  wp-block-social-link\"><a href=\"https:\/\/www.instagram.com\/savipinnoittaja\" class=\"wp-block-social-link-anchor\"><svg width=\"24\" height=\"24\" viewBox=\"0 0 24 24\" version=\"1.1\" xmlns=\"http:\/\/www.w3.org\/2000\/svg\" aria-hidden=\"true\" focusable=\"false\"><path d=\"M12,4.622c2.403,0,2.688,0.009,3.637,0.052c0.877,0.04,1.354,0.187,1.671,0.31c0.42,0.163,0.72,0.358,1.035,0.673 c0.315,0.315,0.51,0.615,0.673,1.035c0.123,0.317,0.27,0.794,0.31,1.671c0.043,0.949,0.052,1.234,0.052,3.637 s-0.009,2.688-0.052,3.637c-0.04,0.877-0.187,1.354-0.31,1.671c-0.163,0.42-0.358,0.72-0.673,1.035 c-0.315,0.315-0.615,0.51-1.035,0.673c-0.317,0.123-0.794,0.27-1.671,0.31c-0.949,0.043-1.233,0.052-3.637,0.052 s-2.688-0.009-3.637-0.052c-0.877-0.04-1.354-0.187-1.671-0.31c-0.42-0.163-0.72-0.358-1.035-0.673 c-0.315-0.315-0.51-0.615-0.673-1.035c-0.123-0.317-0.27-0.794-0.31-1.671C4.631,14.688,4.622,14.403,4.622,12 s0.009-2.688,0.052-3.637c0.04-0.877,0.187-1.354,0.31-1.671c0.163-0.42,0.358-0.72,0.673-1.035 c0.315-0.315,0.615-0.51,1.035-0.673c0.317-0.123,0.794-0.27,1.671-0.31C9.312,4.631,9.597,4.622,12,4.622 M12,3 C9.556,3,9.249,3.01,8.289,3.054C7.331,3.098,6.677,3.25,6.105,3.472C5.513,3.702,5.011,4.01,4.511,4.511 c-0.5,0.5-0.808,1.002-1.038,1.594C3.25,6.677,3.098,7.331,3.054,8.289C3.01,9.249,3,9.556,3,12c0,2.444,0.01,2.751,0.054,3.711 c0.044,0.958,0.196,1.612,0.418,2.185c0.23,0.592,0.538,1.094,1.038,1.594c0.5,0.5,1.002,0.808,1.594,1.038 c0.572,0.222,1.227,0.375,2.185,0.418C9.249,20.99,9.556,21,12,21s2.751-0.01,3.711-0.054c0.958-0.044,1.612-0.196,2.185-0.418 c0.592-0.23,1.094-0.538,1.594-1.038c0.5-0.5,0.808-1.002,1.038-1.594c0.222-0.572,0.375-1.227,0.418-2.185 C20.99,14.751,21,14.444,21,12s-0.01-2.751-0.054-3.711c-0.044-0.958-0.196-1.612-0.418-2.185c-0.23-0.592-0.538-1.094-1.038-1.594 c-0.5-0.5-1.002-0.808-1.594-1.038c-0.572-0.222-1.227-0.375-2.185-0.418C14.751,3.01,14.444,3,12,3L12,3z M12,7.378 c-2.552,0-4.622,2.069-4.622,4.622S9.448,16.622,12,16.622s4.622-2.069,4.622-4.622S14.552,7.378,12,7.378z M12,15 c-1.657,0-3-1.343-3-3s1.343-3,3-3s3,1.343,3,3S13.657,15,12,15z M16.804,6.116c-0.596,0-1.08,0.484-1.08,1.08 s0.484,1.08,1.08,1.08c0.596,0,1.08-0.484,1.08-1.08S17.401,6.116,16.804,6.116z\"><\/path><\/svg><span class=\"wp-block-social-link-label screen-reader-text\">Instagram<\/span><\/a><\/li><\/ul>\n<\/div>\n\n\n\n<p><\/p>\n<\/div>\n\n\n\n<p><\/p>\n","protected":false},"excerpt":{"rendered":"<p>Savirappaukset ja savilattiat toteutetaan aidosti ymp\u00e4rist\u00f6yst\u00e4v\u00e4llisist\u00e4 luonnonmateriaaleista. Saat ekologiset, hengitt\u00e4v\u00e4t, paloturvalliset ja sis\u00e4ilman kosteutta tasaavat sis\u00e4pinnat. Sis\u00e4seiniin sopivat hyvin my\u00f6s savimaalit. K\u00e4sity\u00f6n\u00e4 tehdyt pinnat tuovat tilaan ainutlaatuisen ilmeen ja ajattoman kauniit lopputuloksen. SaviPinnoittajalta saat tekij\u00e4n ja valmiin toteutuksen. Vaihtoehtoisesti voit my\u00f6s tilata omiin tarpeisiisi soveltuvan koulutuksen, jolloin saat valmiuksia tehd\u00e4 itse. Pintoihin k\u00e4ytett\u00e4v\u00e4t rappausmassat ja [&hellip;]<\/p>\n","protected":false},"author":1,"featured_media":0,"parent":0,"menu_order":0,"comment_status":"closed","ping_status":"open","template":"","meta":{"hide_page_title":"enabled","footnotes":""},"class_list":["post-2","page","type-page","status-publish","hentry"],"_links":{"self":[{"href":"https:\/\/savipinnoittaja.fi\/index.php\/wp-json\/wp\/v2\/pages\/2","targetHints":{"allow":["GET"]}}],"collection":[{"href":"https:\/\/savipinnoittaja.fi\/index.php\/wp-json\/wp\/v2\/pages"}],"about":[{"href":"https:\/\/savipinnoittaja.fi\/index.php\/wp-json\/wp\/v2\/types\/page"}],"author":[{"embeddable":true,"href":"https:\/\/savipinnoittaja.fi\/index.php\/wp-json\/wp\/v2\/users\/1"}],"replies":[{"embeddable":true,"href":"https:\/\/savipinnoittaja.fi\/index.php\/wp-json\/wp\/v2\/comments?post=2"}],"version-history":[{"count":34,"href":"https:\/\/savipinnoittaja.fi\/index.php\/wp-json\/wp\/v2\/pages\/2\/revisions"}],"predecessor-version":[{"id":364,"href":"https:\/\/savipinnoittaja.fi\/index.php\/wp-json\/wp\/v2\/pages\/2\/revisions\/364"}],"wp:attachment":[{"href":"https:\/\/savipinnoittaja.fi\/index.php\/wp-json\/wp\/v2\/media?parent=2"}],"curies":[{"name":"wp","href":"https:\/\/api.w.org\/{rel}","templated":true}]}}